{"id":3503,"date":"2024-09-22T21:55:01","date_gmt":"2024-09-22T19:55:01","guid":{"rendered":"http:\/\/nepela.sk\/?page_id=3503"},"modified":"2024-09-22T23:02:53","modified_gmt":"2024-09-22T21:02:53","slug":"propagacia","status":"publish","type":"page","link":"https:\/\/nepela.sk\/?page_id=3503","title":{"rendered":"Propag\u00e1cia"},"content":{"rendered":"<div id=\"propagacia\" class=\"fusion-container-anchor\"><div class=\"fusion-fullwidth fullwidth-box fusion-builder-row-1 fusion-flex-container has-pattern-background has-mask-background hundred-percent-fullwidth non-hundred-percent-height-scrolling\" style=\"--awb-background-position:left top;--awb-border-radius-top-left:0px;--awb-border-radius-top-right:0px;--awb-border-radius-bottom-right:0px;--awb-border-radius-bottom-left:0px;--awb-padding-top:5%;--awb-padding-right:5px;--awb-padding-bottom:0px;--awb-padding-left:5px;--awb-background-color:#000000;--awb-flex-wrap:wrap;\" ><div class=\"fusion-builder-row fusion-row fusion-flex-align-items-flex-start fusion-flex-content-wrap\" style=\"width:104% !important;max-width:104% !important;margin-left: calc(-4% \/ 2 );margin-right: calc(-4% \/ 2 );\"><div class=\"fusion-layout-column fusion_builder_column fusion-builder-column-0 fusion_builder_column_1_1 1_1 fusion-flex-column\" style=\"--awb-padding-top:0px;--awb-bg-blend:overlay;--awb-bg-size:cover;--awb-width-large:100%;--awb-margin-top-large:0px;--awb-spacing-right-large:1.92%;--awb-margin-bottom-large:20px;--awb-spacing-left-large:1.92%;--awb-width-medium:100%;--awb-order-medium:0;--awb-spacing-right-medium:1.92%;--awb-spacing-left-medium:1.92%;--awb-width-small:100%;--awb-order-small:0;--awb-spacing-right-small:1.92%;--awb-spacing-left-small:1.92%;\" data-scroll-devices=\"small-visibility,medium-visibility,large-visibility\"><div class=\"fusion-column-wrapper fusion-column-has-shadow fusion-flex-justify-content-flex-start fusion-content-layout-column\"><div class=\"fusion-title title fusion-title-1 fusion-sep-none fusion-title-center fusion-title-text fusion-title-size-one\"><h1 class=\"fusion-title-heading title-heading-center fusion-responsive-typography-calculated\" style=\"margin:0;--fontSize:64;line-height:var(--awb-typography1-line-height);\"><p style=\"text-align: center;\">Propag\u00e1cia<\/p><\/h1><\/div><\/div><\/div><div class=\"fusion-layout-column fusion_builder_column fusion-builder-column-1 fusion_builder_column_1_1 1_1 fusion-flex-column\" style=\"--awb-padding-top:40px;--awb-bg-blend:overlay;--awb-bg-size:cover;--awb-width-large:100%;--awb-margin-top-large:0px;--awb-spacing-right-large:1.92%;--awb-margin-bottom-large:20px;--awb-spacing-left-large:1.92%;--awb-width-medium:100%;--awb-spacing-right-medium:1.92%;--awb-spacing-left-medium:1.92%;--awb-width-small:100%;--awb-spacing-right-small:1.92%;--awb-spacing-left-small:1.92%;\"><div class=\"fusion-column-wrapper fusion-flex-justify-content-flex-start fusion-content-layout-column\"><div class=\"awb-gallery-wrapper awb-gallery-wrapper-1 button-span-no\" style=\"--more-btn-alignment:center;\"><div style=\"margin:-2px;--awb-bordersize:0px;\" class=\"fusion-gallery fusion-gallery-container fusion-grid-4 fusion-columns-total-8 fusion-gallery-layout-masonry fusion-gallery-1\"><div class=\"fusion-grid-column fusion-gallery-column fusion-gallery-column-4 hover-type-zoomin fusion-grid-sizer\"><\/div><div style=\"padding:2.5px;\" class=\"fusion-grid-column fusion-gallery-column fusion-gallery-column-4 hover-type-zoomin fusion-element-landscape\"><div class=\"fusion-gallery-image\"><a href=\"https:\/\/nepela.sk\/wp-content\/uploads\/2024\/09\/NM_P24_23___1.jpg\" rel=\"noreferrer\" data-rel=\"iLightbox[gallery_image_1]\" class=\"fusion-lightbox\" target=\"_self\"><div style=\"padding-top:calc((100% + 4px) * 0.4 - 2.5px);background-position:;\" class=\"fusion-masonry-element-container lazyload\" data-bg=\"https:\/\/nepela.sk\/wp-content\/uploads\/2024\/09\/NM_P24_23___1.jpg\"><img decoding=\"async\" src=\"https:\/\/nepela.sk\/wp-content\/uploads\/2024\/09\/NM_P24_23___1.jpg\" data-orig-src=\"https:\/\/nepela.sk\/wp-content\/uploads\/2024\/09\/NM_P24_23___1.jpg\" width=\"1280\" height=\"640\" alt=\"\" title=\"NM_P24_23___1\" aria-label=\"NM_P24_23___1\" class=\"lazyload img-responsive wp-image-3239\" srcset=\"data:image\/svg+xml,%3Csvg%20xmlns%3D%27http%3A%2F%2Fwww.w3.org%2F2000%2Fsvg%27%20width%3D%271280%27%20height%3D%27640%27%20viewBox%3D%270%200%201280%20640%27%3E%3Crect%20width%3D%271280%27%20height%3D%27640%27%20fill-opacity%3D%220%22%2F%3E%3C%2Fsvg%3E\" data-srcset=\"https:\/\/nepela.sk\/wp-content\/uploads\/2024\/09\/NM_P24_23___1-200x100.jpg 200w, https:\/\/nepela.sk\/wp-content\/uploads\/2024\/09\/NM_P24_23___1-400x200.jpg 400w, https:\/\/nepela.sk\/wp-content\/uploads\/2024\/09\/NM_P24_23___1-600x300.jpg 600w, https:\/\/nepela.sk\/wp-content\/uploads\/2024\/09\/NM_P24_23___1-800x400.jpg 800w, https:\/\/nepela.sk\/wp-content\/uploads\/2024\/09\/NM_P24_23___1-1200x600.jpg 1200w, https:\/\/nepela.sk\/wp-content\/uploads\/2024\/09\/NM_P24_23___1.jpg 1280w\" data-sizes=\"auto\" data-orig-sizes=\"(min-width: 2200px) 100vw, (min-width: 1027px) 649px, (min-width: 935px) 1027px, \" \/><\/div><\/a><\/div><\/div><div style=\"padding:2.5px;\" class=\"fusion-grid-column fusion-gallery-column fusion-gallery-column-4 hover-type-zoomin fusion-element-landscape\"><div class=\"fusion-gallery-image\"><a href=\"https:\/\/nepela.sk\/wp-content\/uploads\/2024\/09\/NM_P24_23___2.jpg\" rel=\"noreferrer\" data-rel=\"iLightbox[gallery_image_1]\" class=\"fusion-lightbox\" target=\"_self\"><div style=\"padding-top:calc((100% + 4px) * 0.4 - 2.5px);background-position:;\" class=\"fusion-masonry-element-container lazyload\" data-bg=\"https:\/\/nepela.sk\/wp-content\/uploads\/2024\/09\/NM_P24_23___2.jpg\"><img decoding=\"async\" src=\"https:\/\/nepela.sk\/wp-content\/uploads\/2024\/09\/NM_P24_23___2.jpg\" data-orig-src=\"https:\/\/nepela.sk\/wp-content\/uploads\/2024\/09\/NM_P24_23___2.jpg\" width=\"1043\" height=\"522\" alt=\"\" title=\"NM_P24_23___2\" aria-label=\"NM_P24_23___2\" class=\"lazyload img-responsive wp-image-3240\" srcset=\"data:image\/svg+xml,%3Csvg%20xmlns%3D%27http%3A%2F%2Fwww.w3.org%2F2000%2Fsvg%27%20width%3D%271043%27%20height%3D%27522%27%20viewBox%3D%270%200%201043%20522%27%3E%3Crect%20width%3D%271043%27%20height%3D%27522%27%20fill-opacity%3D%220%22%2F%3E%3C%2Fsvg%3E\" data-srcset=\"https:\/\/nepela.sk\/wp-content\/uploads\/2024\/09\/NM_P24_23___2-200x100.jpg 200w, https:\/\/nepela.sk\/wp-content\/uploads\/2024\/09\/NM_P24_23___2-400x200.jpg 400w, https:\/\/nepela.sk\/wp-content\/uploads\/2024\/09\/NM_P24_23___2-600x300.jpg 600w, https:\/\/nepela.sk\/wp-content\/uploads\/2024\/09\/NM_P24_23___2-800x400.jpg 800w, https:\/\/nepela.sk\/wp-content\/uploads\/2024\/09\/NM_P24_23___2.jpg 1043w\" data-sizes=\"auto\" data-orig-sizes=\"(min-width: 2200px) 100vw, (min-width: 1027px) 649px, (min-width: 935px) 1027px, \" \/><\/div><\/a><\/div><\/div><div style=\"padding:2.5px;\" class=\"fusion-grid-column fusion-gallery-column fusion-gallery-column-4 hover-type-zoomin fusion-element-grid\"><div class=\"fusion-gallery-image\"><a href=\"https:\/\/nepela.sk\/wp-content\/uploads\/2024\/09\/NM_P24_23___3.jpg\" rel=\"noreferrer\" data-rel=\"iLightbox[gallery_image_1]\" class=\"fusion-lightbox\" target=\"_self\"><div style=\"padding-top:calc((100% + 4px) * 0.8 - 2.5px);background-position:;\" class=\"fusion-masonry-element-container lazyload\" data-bg=\"https:\/\/nepela.sk\/wp-content\/uploads\/2024\/09\/NM_P24_23___3.jpg\"><img decoding=\"async\" src=\"https:\/\/nepela.sk\/wp-content\/uploads\/2024\/09\/NM_P24_23___3.jpg\" data-orig-src=\"https:\/\/nepela.sk\/wp-content\/uploads\/2024\/09\/NM_P24_23___3.jpg\" width=\"410\" height=\"410\" alt=\"\" title=\"NM_P24_23___3\" aria-label=\"NM_P24_23___3\" class=\"lazyload img-responsive wp-image-3241\" srcset=\"data:image\/svg+xml,%3Csvg%20xmlns%3D%27http%3A%2F%2Fwww.w3.org%2F2000%2Fsvg%27%20width%3D%27410%27%20height%3D%27410%27%20viewBox%3D%270%200%20410%20410%27%3E%3Crect%20width%3D%27410%27%20height%3D%27410%27%20fill-opacity%3D%220%22%2F%3E%3C%2Fsvg%3E\" data-srcset=\"https:\/\/nepela.sk\/wp-content\/uploads\/2024\/09\/NM_P24_23___3-200x200.jpg 200w, https:\/\/nepela.sk\/wp-content\/uploads\/2024\/09\/NM_P24_23___3-400x400.jpg 400w, https:\/\/nepela.sk\/wp-content\/uploads\/2024\/09\/NM_P24_23___3.jpg 410w\" data-sizes=\"auto\" data-orig-sizes=\"(min-width: 2200px) 100vw, (min-width: 1211px) 324px, (min-width: 1119px) 431px, (min-width: 1027px) 647px, (min-width: 935px) 1027px, \" \/><\/div><\/a><\/div><\/div><div style=\"padding:2.5px;\" class=\"fusion-grid-column fusion-gallery-column fusion-gallery-column-4 hover-type-zoomin fusion-element-landscape\"><div class=\"fusion-gallery-image\"><a href=\"https:\/\/nepela.sk\/wp-content\/uploads\/2024\/09\/NM_P24_23___4.jpg\" rel=\"noreferrer\" data-rel=\"iLightbox[gallery_image_1]\" class=\"fusion-lightbox\" target=\"_self\"><div style=\"padding-top:calc((100% + 4px) * 0.4 - 2.5px);background-position:;\" class=\"fusion-masonry-element-container lazyload\" data-bg=\"https:\/\/nepela.sk\/wp-content\/uploads\/2024\/09\/NM_P24_23___4.jpg\"><img decoding=\"async\" src=\"https:\/\/nepela.sk\/wp-content\/uploads\/2024\/09\/NM_P24_23___4.jpg\" data-orig-src=\"https:\/\/nepela.sk\/wp-content\/uploads\/2024\/09\/NM_P24_23___4.jpg\" width=\"1906\" height=\"953\" alt=\"\" title=\"NM_P24_23___4\" aria-label=\"NM_P24_23___4\" class=\"lazyload img-responsive wp-image-3242\" srcset=\"data:image\/svg+xml,%3Csvg%20xmlns%3D%27http%3A%2F%2Fwww.w3.org%2F2000%2Fsvg%27%20width%3D%271906%27%20height%3D%27953%27%20viewBox%3D%270%200%201906%20953%27%3E%3Crect%20width%3D%271906%27%20height%3D%27953%27%20fill-opacity%3D%220%22%2F%3E%3C%2Fsvg%3E\" data-srcset=\"https:\/\/nepela.sk\/wp-content\/uploads\/2024\/09\/NM_P24_23___4-200x100.jpg 200w, https:\/\/nepela.sk\/wp-content\/uploads\/2024\/09\/NM_P24_23___4-400x200.jpg 400w, https:\/\/nepela.sk\/wp-content\/uploads\/2024\/09\/NM_P24_23___4-600x300.jpg 600w, https:\/\/nepela.sk\/wp-content\/uploads\/2024\/09\/NM_P24_23___4-800x400.jpg 800w, https:\/\/nepela.sk\/wp-content\/uploads\/2024\/09\/NM_P24_23___4-1200x600.jpg 1200w, https:\/\/nepela.sk\/wp-content\/uploads\/2024\/09\/NM_P24_23___4.jpg 1906w\" data-sizes=\"auto\" data-orig-sizes=\"(min-width: 2200px) 100vw, (min-width: 1027px) 649px, (min-width: 935px) 1027px, \" \/><\/div><\/a><\/div><\/div><div style=\"padding:2.5px;\" class=\"fusion-grid-column fusion-gallery-column fusion-gallery-column-4 hover-type-zoomin fusion-element-portrait\"><div class=\"fusion-gallery-image\"><a href=\"https:\/\/nepela.sk\/wp-content\/uploads\/2024\/09\/NM_P24_23___6.jpg\" rel=\"noreferrer\" data-rel=\"iLightbox[gallery_image_1]\" class=\"fusion-lightbox\" target=\"_self\"><div style=\"padding-top:calc((100% + 4px) * 1.6);background-position:;\" class=\"fusion-masonry-element-container lazyload\" data-bg=\"https:\/\/nepela.sk\/wp-content\/uploads\/2024\/09\/NM_P24_23___6.jpg\"><img decoding=\"async\" src=\"https:\/\/nepela.sk\/wp-content\/uploads\/2024\/09\/NM_P24_23___6.jpg\" data-orig-src=\"https:\/\/nepela.sk\/wp-content\/uploads\/2024\/09\/NM_P24_23___6.jpg\" width=\"822\" height=\"1644\" alt=\"\" title=\"NM_P24_23___6\" aria-label=\"NM_P24_23___6\" class=\"lazyload img-responsive wp-image-3244\" srcset=\"data:image\/svg+xml,%3Csvg%20xmlns%3D%27http%3A%2F%2Fwww.w3.org%2F2000%2Fsvg%27%20width%3D%27822%27%20height%3D%271644%27%20viewBox%3D%270%200%20822%201644%27%3E%3Crect%20width%3D%27822%27%20height%3D%271644%27%20fill-opacity%3D%220%22%2F%3E%3C%2Fsvg%3E\" data-srcset=\"https:\/\/nepela.sk\/wp-content\/uploads\/2024\/09\/NM_P24_23___6-200x400.jpg 200w, https:\/\/nepela.sk\/wp-content\/uploads\/2024\/09\/NM_P24_23___6-400x800.jpg 400w, https:\/\/nepela.sk\/wp-content\/uploads\/2024\/09\/NM_P24_23___6-600x1200.jpg 600w, https:\/\/nepela.sk\/wp-content\/uploads\/2024\/09\/NM_P24_23___6-800x1600.jpg 800w, https:\/\/nepela.sk\/wp-content\/uploads\/2024\/09\/NM_P24_23___6.jpg 822w\" data-sizes=\"auto\" data-orig-sizes=\"(min-width: 2200px) 100vw, (min-width: 1211px) 324px, (min-width: 1119px) 431px, (min-width: 1027px) 647px, (min-width: 935px) 1027px, \" \/><\/div><\/a><\/div><\/div><div style=\"padding:2.5px;\" class=\"fusion-grid-column fusion-gallery-column fusion-gallery-column-4 hover-type-zoomin fusion-element-landscape fusion-element-portrait\"><div class=\"fusion-gallery-image\"><a href=\"https:\/\/nepela.sk\/wp-content\/uploads\/2024\/09\/NM_P24_23___7.jpg\" rel=\"noreferrer\" data-rel=\"iLightbox[gallery_image_1]\" class=\"fusion-lightbox\" target=\"_self\"><div style=\"padding-top:calc((100% + 4px) * 0.8);background-position:;\" class=\"fusion-masonry-element-container lazyload\" data-bg=\"https:\/\/nepela.sk\/wp-content\/uploads\/2024\/09\/NM_P24_23___7.jpg\"><img decoding=\"async\" src=\"https:\/\/nepela.sk\/wp-content\/uploads\/2024\/09\/NM_P24_23___7.jpg\" data-orig-src=\"https:\/\/nepela.sk\/wp-content\/uploads\/2024\/09\/NM_P24_23___7.jpg\" width=\"1068\" height=\"1068\" alt=\"\" title=\"NM_P24_23___7\" aria-label=\"NM_P24_23___7\" class=\"lazyload img-responsive wp-image-3245\" srcset=\"data:image\/svg+xml,%3Csvg%20xmlns%3D%27http%3A%2F%2Fwww.w3.org%2F2000%2Fsvg%27%20width%3D%271068%27%20height%3D%271068%27%20viewBox%3D%270%200%201068%201068%27%3E%3Crect%20width%3D%271068%27%20height%3D%271068%27%20fill-opacity%3D%220%22%2F%3E%3C%2Fsvg%3E\" data-srcset=\"https:\/\/nepela.sk\/wp-content\/uploads\/2024\/09\/NM_P24_23___7-200x200.jpg 200w, https:\/\/nepela.sk\/wp-content\/uploads\/2024\/09\/NM_P24_23___7-400x400.jpg 400w, https:\/\/nepela.sk\/wp-content\/uploads\/2024\/09\/NM_P24_23___7-600x600.jpg 600w, https:\/\/nepela.sk\/wp-content\/uploads\/2024\/09\/NM_P24_23___7-800x800.jpg 800w, https:\/\/nepela.sk\/wp-content\/uploads\/2024\/09\/NM_P24_23___7.jpg 1068w\" data-sizes=\"auto\" data-orig-sizes=\"(min-width: 2200px) 100vw, (min-width: 1027px) 649px, (min-width: 935px) 1027px, \" \/><\/div><\/a><\/div><\/div><div style=\"padding:2.5px;\" class=\"fusion-grid-column fusion-gallery-column fusion-gallery-column-4 hover-type-zoomin fusion-element-landscape\"><div class=\"fusion-gallery-image\"><a href=\"https:\/\/nepela.sk\/wp-content\/uploads\/2024\/09\/NM_P24_23___9.jpg\" rel=\"noreferrer\" data-rel=\"iLightbox[gallery_image_1]\" class=\"fusion-lightbox\" target=\"_self\"><div style=\"padding-top:calc((100% + 4px) * 0.4 - 2.5px);background-position:;\" class=\"fusion-masonry-element-container lazyload\" data-bg=\"https:\/\/nepela.sk\/wp-content\/uploads\/2024\/09\/NM_P24_23___9.jpg\"><img decoding=\"async\" src=\"https:\/\/nepela.sk\/wp-content\/uploads\/2024\/09\/NM_P24_23___9.jpg\" data-orig-src=\"https:\/\/nepela.sk\/wp-content\/uploads\/2024\/09\/NM_P24_23___9.jpg\" width=\"2000\" height=\"1000\" alt=\"\" title=\"NM_P24_23___9\" aria-label=\"NM_P24_23___9\" class=\"lazyload img-responsive wp-image-3247\" srcset=\"data:image\/svg+xml,%3Csvg%20xmlns%3D%27http%3A%2F%2Fwww.w3.org%2F2000%2Fsvg%27%20width%3D%272000%27%20height%3D%271000%27%20viewBox%3D%270%200%202000%201000%27%3E%3Crect%20width%3D%272000%27%20height%3D%271000%27%20fill-opacity%3D%220%22%2F%3E%3C%2Fsvg%3E\" data-srcset=\"https:\/\/nepela.sk\/wp-content\/uploads\/2024\/09\/NM_P24_23___9-200x100.jpg 200w, https:\/\/nepela.sk\/wp-content\/uploads\/2024\/09\/NM_P24_23___9-400x200.jpg 400w, https:\/\/nepela.sk\/wp-content\/uploads\/2024\/09\/NM_P24_23___9-600x300.jpg 600w, https:\/\/nepela.sk\/wp-content\/uploads\/2024\/09\/NM_P24_23___9-800x400.jpg 800w, https:\/\/nepela.sk\/wp-content\/uploads\/2024\/09\/NM_P24_23___9-1200x600.jpg 1200w, https:\/\/nepela.sk\/wp-content\/uploads\/2024\/09\/NM_P24_23___9.jpg 2000w\" data-sizes=\"auto\" data-orig-sizes=\"(min-width: 2200px) 100vw, (min-width: 1027px) 649px, (min-width: 935px) 1027px, \" \/><\/div><\/a><\/div><\/div><div style=\"padding:2.5px;\" class=\"fusion-grid-column fusion-gallery-column fusion-gallery-column-4 hover-type-zoomin fusion-element-grid\"><div class=\"fusion-gallery-image\"><a href=\"https:\/\/nepela.sk\/wp-content\/uploads\/2024\/09\/NM_P24_23___10.jpg\" rel=\"noreferrer\" data-rel=\"iLightbox[gallery_image_1]\" class=\"fusion-lightbox\" target=\"_self\"><div style=\"padding-top:calc((100% + 4px) * 0.8 - 2.5px);background-position:;\" class=\"fusion-masonry-element-container lazyload\" data-bg=\"https:\/\/nepela.sk\/wp-content\/uploads\/2024\/09\/NM_P24_23___10.jpg\"><img decoding=\"async\" src=\"https:\/\/nepela.sk\/wp-content\/uploads\/2024\/09\/NM_P24_23___10.jpg\" data-orig-src=\"https:\/\/nepela.sk\/wp-content\/uploads\/2024\/09\/NM_P24_23___10.jpg\" width=\"1000\" height=\"1000\" alt=\"\" title=\"NM_P24_23___10\" aria-label=\"NM_P24_23___10\" class=\"lazyload img-responsive wp-image-3248\" srcset=\"data:image\/svg+xml,%3Csvg%20xmlns%3D%27http%3A%2F%2Fwww.w3.org%2F2000%2Fsvg%27%20width%3D%271000%27%20height%3D%271000%27%20viewBox%3D%270%200%201000%201000%27%3E%3Crect%20width%3D%271000%27%20height%3D%271000%27%20fill-opacity%3D%220%22%2F%3E%3C%2Fsvg%3E\" data-srcset=\"https:\/\/nepela.sk\/wp-content\/uploads\/2024\/09\/NM_P24_23___10-200x200.jpg 200w, https:\/\/nepela.sk\/wp-content\/uploads\/2024\/09\/NM_P24_23___10-400x400.jpg 400w, https:\/\/nepela.sk\/wp-content\/uploads\/2024\/09\/NM_P24_23___10-600x600.jpg 600w, https:\/\/nepela.sk\/wp-content\/uploads\/2024\/09\/NM_P24_23___10-800x800.jpg 800w, https:\/\/nepela.sk\/wp-content\/uploads\/2024\/09\/NM_P24_23___10.jpg 1000w\" data-sizes=\"auto\" data-orig-sizes=\"(min-width: 2200px) 100vw, (min-width: 1211px) 324px, (min-width: 1119px) 431px, (min-width: 1027px) 647px, (min-width: 935px) 1027px, \" \/><\/div><\/a><\/div><\/div><\/div><\/div><\/div><\/div><div class=\"fusion-layout-column fusion_builder_column fusion-builder-column-2 fusion_builder_column_1_5 1_5 fusion-flex-column\" style=\"--awb-bg-size:cover;--awb-width-large:20%;--awb-margin-top-large:0px;--awb-spacing-right-large:9.6%;--awb-margin-bottom-large:20px;--awb-spacing-left-large:9.6%;--awb-width-medium:100%;--awb-order-medium:0;--awb-spacing-right-medium:1.92%;--awb-spacing-left-medium:1.92%;--awb-width-small:100%;--awb-order-small:0;--awb-spacing-right-small:1.92%;--awb-spacing-left-small:1.92%;\"><div class=\"fusion-column-wrapper fusion-column-has-shadow fusion-flex-justify-content-flex-start fusion-content-layout-column\"><\/div><\/div><div class=\"fusion-layout-column fusion_builder_column fusion-builder-column-3 fusion_builder_column_3_5 3_5 fusion-flex-column\" style=\"--awb-bg-size:cover;--awb-width-large:60%;--awb-margin-top-large:0px;--awb-spacing-right-large:3.2%;--awb-margin-bottom-large:20px;--awb-spacing-left-large:3.2%;--awb-width-medium:100%;--awb-order-medium:0;--awb-spacing-right-medium:1.92%;--awb-spacing-left-medium:1.92%;--awb-width-small:100%;--awb-order-small:0;--awb-spacing-right-small:1.92%;--awb-spacing-left-small:1.92%;\"><div class=\"fusion-column-wrapper fusion-column-has-shadow fusion-flex-justify-content-flex-start fusion-content-layout-column\"><div class=\"fusion-separator fusion-full-width-sep\" style=\"align-self: center;margin-left: auto;margin-right: auto;margin-top:100px;width:100%;\"><\/div><div class=\"fusion-image-before-after-wrapper fusion-image-before-after-horizontal type-before-after hover-type-together fusion-image-before-after-wrapper-1\" style=\"--awb-font-size:14px;--awb-bordersize:0px;--awb-accent-color-bg:hsla(var(--awb-color1-h),var(--awb-color1-s),var(--awb-color1-l),calc(var(--awb-color1-a) - 85%));--awb-transition-time:0.5s;\"><div class=\"fusion-image-before-after-element fusion-image-before-after fusion-image-before-after-container fusion-image-before-after-1\" data-offset=\"0.5\" data-orientation=\"horizontal\" data-move-with-handle-only=\"true\" data-click-to-move=\"true\"><img decoding=\"async\" alt=\"EN\" class=\"fusion-image-before-after-before lazyload\" src=\"data:image\/svg+xml,%3Csvg%20xmlns%3D%27http%3A%2F%2Fwww.w3.org%2F2000%2Fsvg%27%20width%3D%27950%27%20height%3D%271235%27%20viewBox%3D%270%200%20950%201235%27%3E%3Crect%20width%3D%27950%27%20height%3D%271235%27%20fill-opacity%3D%220%22%2F%3E%3C%2Fsvg%3E\" width=\"600\" height=\"780\" data-orig-src=\"http:\/\/nepela.sk\/wp-content\/uploads\/2024\/09\/nep_24___PICT2_ram-600x780.png\"><img decoding=\"async\" alt=\"SK\" class=\"fusion-image-before-after-after lazyload\" src=\"data:image\/svg+xml,%3Csvg%20xmlns%3D%27http%3A%2F%2Fwww.w3.org%2F2000%2Fsvg%27%20width%3D%27950%27%20height%3D%271235%27%20viewBox%3D%270%200%20950%201235%27%3E%3Crect%20width%3D%27950%27%20height%3D%271235%27%20fill-opacity%3D%220%22%2F%3E%3C%2Fsvg%3E\" width=\"600\" height=\"780\" data-orig-src=\"http:\/\/nepela.sk\/wp-content\/uploads\/2024\/09\/nep_24___PICT1_ram-600x780.png\"><div class=\"fusion-image-before-after-overlay before-after-overlay-image-centered\"><div class=\"fusion-image-before-after-before-label\" data-content=\"EN\"><\/div><div class=\"fusion-image-before-after-after-label\" data-content=\"SK\"><\/div><\/div><div class=\"fusion-image-before-after-handle fusion-image-before-after-handle-default\"><span class=\"fusion-image-before-after-left-arrow\"><\/span><span class=\"fusion-image-before-after-right-arrow\"><\/span><\/div><\/div><\/div><\/div><\/div><div class=\"fusion-layout-column fusion_builder_column fusion-builder-column-4 fusion_builder_column_1_5 1_5 fusion-flex-column\" style=\"--awb-bg-size:cover;--awb-width-large:20%;--awb-margin-top-large:0px;--awb-spacing-right-large:9.6%;--awb-margin-bottom-large:20px;--awb-spacing-left-large:9.6%;--awb-width-medium:100%;--awb-order-medium:0;--awb-spacing-right-medium:1.92%;--awb-spacing-left-medium:1.92%;--awb-width-small:100%;--awb-order-small:0;--awb-spacing-right-small:1.92%;--awb-spacing-left-small:1.92%;\"><div class=\"fusion-column-wrapper fusion-column-has-shadow fusion-flex-justify-content-flex-start fusion-content-layout-column\"><\/div><\/div><\/div><\/div><\/div>\n","protected":false},"excerpt":{"rendered":"","protected":false},"author":1,"featured_media":0,"parent":0,"menu_order":0,"comment_status":"closed","ping_status":"closed","template":"100-width.php","meta":{"footnotes":""},"class_list":["post-3503","page","type-page","status-publish","hentry"],"yoast_head":"<!-- This site is optimized with the Yoast SEO plugin v23.4 - https:\/\/yoast.com\/wordpress\/plugins\/seo\/ -->\n<title>Propag\u00e1cia - Nepela Memorial<\/title>\n<meta name=\"robots\" content=\"index, follow, max-snippet:-1, max-image-preview:large, max-video-preview:-1\" \/>\n<link rel=\"canonical\" href=\"https:\/\/nepela.sk\/?page_id=3503\" \/>\n<meta property=\"og:locale\" content=\"sk_SK\" \/>\n<meta property=\"og:type\" content=\"article\" \/>\n<meta property=\"og:title\" content=\"Propag\u00e1cia - Nepela Memorial\" \/>\n<meta property=\"og:url\" content=\"https:\/\/nepela.sk\/?page_id=3503\" \/>\n<meta property=\"og:site_name\" content=\"Nepela Memorial\" \/>\n<meta property=\"article:modified_time\" content=\"2024-09-22T21:02:53+00:00\" \/>\n<meta name=\"twitter:card\" content=\"summary_large_image\" \/>\n<meta name=\"twitter:label1\" content=\"Predpokladan\u00fd \u010das \u010d\u00edtania\" \/>\n\t<meta name=\"twitter:data1\" content=\"3 min\u00faty\" \/>\n<script type=\"application\/ld+json\" class=\"yoast-schema-graph\">{\"@context\":\"https:\/\/schema.org\",\"@graph\":[{\"@type\":\"WebPage\",\"@id\":\"https:\/\/nepela.sk\/?page_id=3503\",\"url\":\"https:\/\/nepela.sk\/?page_id=3503\",\"name\":\"Propag\u00e1cia - Nepela Memorial\",\"isPartOf\":{\"@id\":\"https:\/\/nepela.sk\/#website\"},\"datePublished\":\"2024-09-22T19:55:01+00:00\",\"dateModified\":\"2024-09-22T21:02:53+00:00\",\"breadcrumb\":{\"@id\":\"https:\/\/nepela.sk\/?page_id=3503#breadcrumb\"},\"inLanguage\":\"sk-SK\",\"potentialAction\":[{\"@type\":\"ReadAction\",\"target\":[\"https:\/\/nepela.sk\/?page_id=3503\"]}]},{\"@type\":\"BreadcrumbList\",\"@id\":\"https:\/\/nepela.sk\/?page_id=3503#breadcrumb\",\"itemListElement\":[{\"@type\":\"ListItem\",\"position\":1,\"name\":\"Home\",\"item\":\"https:\/\/nepela.sk\/\"},{\"@type\":\"ListItem\",\"position\":2,\"name\":\"Propag\u00e1cia\"}]},{\"@type\":\"WebSite\",\"@id\":\"https:\/\/nepela.sk\/#website\",\"url\":\"https:\/\/nepela.sk\/\",\"name\":\"Nepela Memorial\",\"description\":\"\",\"potentialAction\":[{\"@type\":\"SearchAction\",\"target\":{\"@type\":\"EntryPoint\",\"urlTemplate\":\"https:\/\/nepela.sk\/?s={search_term_string}\"},\"query-input\":{\"@type\":\"PropertyValueSpecification\",\"valueRequired\":true,\"valueName\":\"search_term_string\"}}],\"inLanguage\":\"sk-SK\"}]}<\/script>\n<!-- \/ Yoast SEO plugin. -->","yoast_head_json":{"title":"Propag\u00e1cia - Nepela Memorial","robots":{"index":"index","follow":"follow","max-snippet":"max-snippet:-1","max-image-preview":"max-image-preview:large","max-video-preview":"max-video-preview:-1"},"canonical":"https:\/\/nepela.sk\/?page_id=3503","og_locale":"sk_SK","og_type":"article","og_title":"Propag\u00e1cia - Nepela Memorial","og_url":"https:\/\/nepela.sk\/?page_id=3503","og_site_name":"Nepela Memorial","article_modified_time":"2024-09-22T21:02:53+00:00","twitter_card":"summary_large_image","twitter_misc":{"Predpokladan\u00fd \u010das \u010d\u00edtania":"3 min\u00faty"},"schema":{"@context":"https:\/\/schema.org","@graph":[{"@type":"WebPage","@id":"https:\/\/nepela.sk\/?page_id=3503","url":"https:\/\/nepela.sk\/?page_id=3503","name":"Propag\u00e1cia - Nepela Memorial","isPartOf":{"@id":"https:\/\/nepela.sk\/#website"},"datePublished":"2024-09-22T19:55:01+00:00","dateModified":"2024-09-22T21:02:53+00:00","breadcrumb":{"@id":"https:\/\/nepela.sk\/?page_id=3503#breadcrumb"},"inLanguage":"sk-SK","potentialAction":[{"@type":"ReadAction","target":["https:\/\/nepela.sk\/?page_id=3503"]}]},{"@type":"BreadcrumbList","@id":"https:\/\/nepela.sk\/?page_id=3503#breadcrumb","itemListElement":[{"@type":"ListItem","position":1,"name":"Home","item":"https:\/\/nepela.sk\/"},{"@type":"ListItem","position":2,"name":"Propag\u00e1cia"}]},{"@type":"WebSite","@id":"https:\/\/nepela.sk\/#website","url":"https:\/\/nepela.sk\/","name":"Nepela Memorial","description":"","potentialAction":[{"@type":"SearchAction","target":{"@type":"EntryPoint","urlTemplate":"https:\/\/nepela.sk\/?s={search_term_string}"},"query-input":{"@type":"PropertyValueSpecification","valueRequired":true,"valueName":"search_term_string"}}],"inLanguage":"sk-SK"}]}},"_links":{"self":[{"href":"https:\/\/nepela.sk\/index.php?rest_route=\/wp\/v2\/pages\/3503"}],"collection":[{"href":"https:\/\/nepela.sk\/index.php?rest_route=\/wp\/v2\/pages"}],"about":[{"href":"https:\/\/nepela.sk\/index.php?rest_route=\/wp\/v2\/types\/page"}],"author":[{"embeddable":true,"href":"https:\/\/nepela.sk\/index.php?rest_route=\/wp\/v2\/users\/1"}],"replies":[{"embeddable":true,"href":"https:\/\/nepela.sk\/index.php?rest_route=%2Fwp%2Fv2%2Fcomments&post=3503"}],"version-history":[{"count":6,"href":"https:\/\/nepela.sk\/index.php?rest_route=\/wp\/v2\/pages\/3503\/revisions"}],"predecessor-version":[{"id":3540,"href":"https:\/\/nepela.sk\/index.php?rest_route=\/wp\/v2\/pages\/3503\/revisions\/3540"}],"wp:attachment":[{"href":"https:\/\/nepela.sk\/index.php?rest_route=%2Fwp%2Fv2%2Fmedia&parent=3503"}],"curies":[{"name":"wp","href":"https:\/\/api.w.org\/{rel}","templated":true}]}}