{"id":3501,"date":"2024-09-22T21:54:37","date_gmt":"2024-09-22T19:54:37","guid":{"rendered":"http:\/\/nepela.sk\/?page_id=3501"},"modified":"2025-09-24T14:55:23","modified_gmt":"2025-09-24T12:55:23","slug":"sien-slavy","status":"publish","type":"page","link":"https:\/\/nepela.sk\/?page_id=3501","title":{"rendered":"Sie\u0148 sl\u00e1vy"},"content":{"rendered":"<div id=\"organizator\" class=\"fusion-container-anchor\"><div class=\"fusion-fullwidth fullwidth-box fusion-builder-row-1 fusion-flex-container has-pattern-background has-mask-background nonhundred-percent-fullwidth non-hundred-percent-height-scrolling\" style=\"--awb-background-position:center bottom;--awb-background-repeat:repeat-x;--awb-border-radius-top-left:0px;--awb-border-radius-top-right:0px;--awb-border-radius-bottom-right:0px;--awb-border-radius-bottom-left:0px;--awb-padding-top:3%;--awb-padding-bottom:3%;--awb-background-color:rgba(242,245,248,0);--awb-flex-wrap:wrap;\" ><div class=\"fusion-builder-row fusion-row fusion-flex-align-items-flex-start fusion-flex-content-wrap\" style=\"max-width:1352px;margin-left: calc(-4% \/ 2 );margin-right: calc(-4% \/ 2 );\"><div class=\"fusion-layout-column fusion_builder_column fusion-builder-column-0 fusion_builder_column_1_6 1_6 fusion-flex-column\" style=\"--awb-bg-blend:overlay;--awb-bg-size:cover;--awb-width-large:16.6666666667%;--awb-margin-top-large:0px;--awb-spacing-right-large:11.52%;--awb-margin-bottom-large:20px;--awb-spacing-left-large:11.52%;--awb-width-medium:100%;--awb-spacing-right-medium:1.92%;--awb-spacing-left-medium:1.92%;--awb-width-small:100%;--awb-spacing-right-small:1.92%;--awb-spacing-left-small:1.92%;\"><div class=\"fusion-column-wrapper fusion-flex-justify-content-flex-start fusion-content-layout-column\"><\/div><\/div><div class=\"fusion-layout-column fusion_builder_column fusion-builder-column-1 fusion_builder_column_2_3 2_3 fusion-flex-column fusion-animated\" style=\"--awb-bg-color:rgba(255,255,255,0);--awb-bg-color-hover:rgba(255,255,255,0);--awb-bg-blend:overlay;--awb-bg-size:cover;--awb-width-large:66.6666666667%;--awb-margin-top-large:0px;--awb-spacing-right-large:2.88%;--awb-margin-bottom-large:20px;--awb-spacing-left-large:2.88%;--awb-width-medium:100%;--awb-order-medium:0;--awb-spacing-right-medium:1.92%;--awb-spacing-left-medium:1.92%;--awb-width-small:100%;--awb-order-small:0;--awb-spacing-right-small:1.92%;--awb-spacing-left-small:1.92%;\" data-animationType=\"fadeInLeft\" data-animationDuration=\"0.6\" data-animationOffset=\"top-into-view\" data-scroll-devices=\"small-visibility,medium-visibility,large-visibility\"><div class=\"fusion-column-wrapper fusion-column-has-shadow fusion-flex-justify-content-flex-start fusion-content-layout-column\"><div class=\"fusion-title title fusion-title-1 fusion-sep-none fusion-title-center fusion-title-text fusion-title-size-one\"><h1 class=\"fusion-title-heading title-heading-center fusion-responsive-typography-calculated\" style=\"margin:0;--fontSize:64;line-height:var(--awb-typography1-line-height);\"><p style=\"text-align: center;\">Sie\u0148 Sl\u00e1vy<\/p><\/h1><\/div><div class=\"fusion-image-element \" style=\"--awb-caption-title-font-family:var(--h2_typography-font-family);--awb-caption-title-font-weight:var(--h2_typography-font-weight);--awb-caption-title-font-style:var(--h2_typography-font-style);--awb-caption-title-size:var(--h2_typography-font-size);--awb-caption-title-transform:var(--h2_typography-text-transform);--awb-caption-title-line-height:var(--h2_typography-line-height);--awb-caption-title-letter-spacing:var(--h2_typography-letter-spacing);\"><span class=\" fusion-imageframe imageframe-none imageframe-1 hover-type-none\"><img decoding=\"async\" width=\"1200\" height=\"1200\" title=\"nep_25___IGP-sien-slavy\" src=\"https:\/\/nepela.sk\/wp-content\/uploads\/2025\/09\/nep_25___IGP-sien-slavy.png\" data-orig-src=\"https:\/\/nepela.sk\/wp-content\/uploads\/2025\/09\/nep_25___IGP-sien-slavy-1200x1200.png\" alt class=\"lazyload img-responsive wp-image-3801\" srcset=\"data:image\/svg+xml,%3Csvg%20xmlns%3D%27http%3A%2F%2Fwww.w3.org%2F2000%2Fsvg%27%20width%3D%272250%27%20height%3D%272250%27%20viewBox%3D%270%200%202250%202250%27%3E%3Crect%20width%3D%272250%27%20height%3D%272250%27%20fill-opacity%3D%220%22%2F%3E%3C%2Fsvg%3E\" data-srcset=\"https:\/\/nepela.sk\/wp-content\/uploads\/2025\/09\/nep_25___IGP-sien-slavy-200x200.png 200w, https:\/\/nepela.sk\/wp-content\/uploads\/2025\/09\/nep_25___IGP-sien-slavy-400x400.png 400w, https:\/\/nepela.sk\/wp-content\/uploads\/2025\/09\/nep_25___IGP-sien-slavy-600x600.png 600w, https:\/\/nepela.sk\/wp-content\/uploads\/2025\/09\/nep_25___IGP-sien-slavy-800x800.png 800w, https:\/\/nepela.sk\/wp-content\/uploads\/2025\/09\/nep_25___IGP-sien-slavy-1200x1200.png 1200w\" data-sizes=\"auto\" data-orig-sizes=\"(max-width: 1024px) 100vw, (max-width: 640px) 100vw, 1200px\" \/><\/span><\/div><div class=\"fusion-separator fusion-full-width-sep\" style=\"align-self: center;margin-left: auto;margin-right: auto;margin-top:15px;width:100%;\"><\/div><\/div><\/div><div class=\"fusion-layout-column fusion_builder_column fusion-builder-column-2 fusion_builder_column_1_6 1_6 fusion-flex-column\" style=\"--awb-bg-blend:overlay;--awb-bg-size:cover;--awb-width-large:16.6666666667%;--awb-margin-top-large:0px;--awb-spacing-right-large:11.52%;--awb-margin-bottom-large:20px;--awb-spacing-left-large:11.52%;--awb-width-medium:100%;--awb-spacing-right-medium:1.92%;--awb-spacing-left-medium:1.92%;--awb-width-small:100%;--awb-spacing-right-small:1.92%;--awb-spacing-left-small:1.92%;\"><div class=\"fusion-column-wrapper fusion-flex-justify-content-flex-start fusion-content-layout-column\"><\/div><\/div><\/div><\/div><\/div>\n","protected":false},"excerpt":{"rendered":"","protected":false},"author":1,"featured_media":0,"parent":0,"menu_order":0,"comment_status":"closed","ping_status":"closed","template":"","meta":{"footnotes":""},"class_list":["post-3501","page","type-page","status-publish","hentry"],"yoast_head":"<!-- This site is optimized with the Yoast SEO plugin v23.4 - https:\/\/yoast.com\/wordpress\/plugins\/seo\/ -->\n<title>Sie\u0148 sl\u00e1vy - Nepela Memorial<\/title>\n<meta name=\"robots\" content=\"index, follow, max-snippet:-1, max-image-preview:large, max-video-preview:-1\" \/>\n<link rel=\"canonical\" href=\"https:\/\/nepela.sk\/?page_id=3501\" \/>\n<meta property=\"og:locale\" content=\"sk_SK\" \/>\n<meta property=\"og:type\" content=\"article\" \/>\n<meta property=\"og:title\" content=\"Sie\u0148 sl\u00e1vy - Nepela Memorial\" \/>\n<meta property=\"og:url\" content=\"https:\/\/nepela.sk\/?page_id=3501\" \/>\n<meta property=\"og:site_name\" content=\"Nepela Memorial\" \/>\n<meta property=\"article:modified_time\" content=\"2025-09-24T12:55:23+00:00\" \/>\n<meta name=\"twitter:card\" content=\"summary_large_image\" \/>\n<meta name=\"twitter:label1\" content=\"Predpokladan\u00fd \u010das \u010d\u00edtania\" \/>\n\t<meta name=\"twitter:data1\" content=\"1 min\u00fata\" \/>\n<script type=\"application\/ld+json\" class=\"yoast-schema-graph\">{\"@context\":\"https:\/\/schema.org\",\"@graph\":[{\"@type\":\"WebPage\",\"@id\":\"https:\/\/nepela.sk\/?page_id=3501\",\"url\":\"https:\/\/nepela.sk\/?page_id=3501\",\"name\":\"Sie\u0148 sl\u00e1vy - Nepela Memorial\",\"isPartOf\":{\"@id\":\"https:\/\/nepela.sk\/#website\"},\"datePublished\":\"2024-09-22T19:54:37+00:00\",\"dateModified\":\"2025-09-24T12:55:23+00:00\",\"breadcrumb\":{\"@id\":\"https:\/\/nepela.sk\/?page_id=3501#breadcrumb\"},\"inLanguage\":\"sk-SK\",\"potentialAction\":[{\"@type\":\"ReadAction\",\"target\":[\"https:\/\/nepela.sk\/?page_id=3501\"]}]},{\"@type\":\"BreadcrumbList\",\"@id\":\"https:\/\/nepela.sk\/?page_id=3501#breadcrumb\",\"itemListElement\":[{\"@type\":\"ListItem\",\"position\":1,\"name\":\"Home\",\"item\":\"https:\/\/nepela.sk\/\"},{\"@type\":\"ListItem\",\"position\":2,\"name\":\"Sie\u0148 sl\u00e1vy\"}]},{\"@type\":\"WebSite\",\"@id\":\"https:\/\/nepela.sk\/#website\",\"url\":\"https:\/\/nepela.sk\/\",\"name\":\"Nepela Memorial\",\"description\":\"\",\"potentialAction\":[{\"@type\":\"SearchAction\",\"target\":{\"@type\":\"EntryPoint\",\"urlTemplate\":\"https:\/\/nepela.sk\/?s={search_term_string}\"},\"query-input\":{\"@type\":\"PropertyValueSpecification\",\"valueRequired\":true,\"valueName\":\"search_term_string\"}}],\"inLanguage\":\"sk-SK\"}]}<\/script>\n<!-- \/ Yoast SEO plugin. -->","yoast_head_json":{"title":"Sie\u0148 sl\u00e1vy - Nepela Memorial","robots":{"index":"index","follow":"follow","max-snippet":"max-snippet:-1","max-image-preview":"max-image-preview:large","max-video-preview":"max-video-preview:-1"},"canonical":"https:\/\/nepela.sk\/?page_id=3501","og_locale":"sk_SK","og_type":"article","og_title":"Sie\u0148 sl\u00e1vy - Nepela Memorial","og_url":"https:\/\/nepela.sk\/?page_id=3501","og_site_name":"Nepela Memorial","article_modified_time":"2025-09-24T12:55:23+00:00","twitter_card":"summary_large_image","twitter_misc":{"Predpokladan\u00fd \u010das \u010d\u00edtania":"1 min\u00fata"},"schema":{"@context":"https:\/\/schema.org","@graph":[{"@type":"WebPage","@id":"https:\/\/nepela.sk\/?page_id=3501","url":"https:\/\/nepela.sk\/?page_id=3501","name":"Sie\u0148 sl\u00e1vy - Nepela Memorial","isPartOf":{"@id":"https:\/\/nepela.sk\/#website"},"datePublished":"2024-09-22T19:54:37+00:00","dateModified":"2025-09-24T12:55:23+00:00","breadcrumb":{"@id":"https:\/\/nepela.sk\/?page_id=3501#breadcrumb"},"inLanguage":"sk-SK","potentialAction":[{"@type":"ReadAction","target":["https:\/\/nepela.sk\/?page_id=3501"]}]},{"@type":"BreadcrumbList","@id":"https:\/\/nepela.sk\/?page_id=3501#breadcrumb","itemListElement":[{"@type":"ListItem","position":1,"name":"Home","item":"https:\/\/nepela.sk\/"},{"@type":"ListItem","position":2,"name":"Sie\u0148 sl\u00e1vy"}]},{"@type":"WebSite","@id":"https:\/\/nepela.sk\/#website","url":"https:\/\/nepela.sk\/","name":"Nepela Memorial","description":"","potentialAction":[{"@type":"SearchAction","target":{"@type":"EntryPoint","urlTemplate":"https:\/\/nepela.sk\/?s={search_term_string}"},"query-input":{"@type":"PropertyValueSpecification","valueRequired":true,"valueName":"search_term_string"}}],"inLanguage":"sk-SK"}]}},"_links":{"self":[{"href":"https:\/\/nepela.sk\/index.php?rest_route=\/wp\/v2\/pages\/3501"}],"collection":[{"href":"https:\/\/nepela.sk\/index.php?rest_route=\/wp\/v2\/pages"}],"about":[{"href":"https:\/\/nepela.sk\/index.php?rest_route=\/wp\/v2\/types\/page"}],"author":[{"embeddable":true,"href":"https:\/\/nepela.sk\/index.php?rest_route=\/wp\/v2\/users\/1"}],"replies":[{"embeddable":true,"href":"https:\/\/nepela.sk\/index.php?rest_route=%2Fwp%2Fv2%2Fcomments&post=3501"}],"version-history":[{"count":6,"href":"https:\/\/nepela.sk\/index.php?rest_route=\/wp\/v2\/pages\/3501\/revisions"}],"predecessor-version":[{"id":3806,"href":"https:\/\/nepela.sk\/index.php?rest_route=\/wp\/v2\/pages\/3501\/revisions\/3806"}],"wp:attachment":[{"href":"https:\/\/nepela.sk\/index.php?rest_route=%2Fwp%2Fv2%2Fmedia&parent=3501"}],"curies":[{"name":"wp","href":"https:\/\/api.w.org\/{rel}","templated":true}]}}